{"id":3654,"date":"2024-06-25T12:41:57","date_gmt":"2024-06-25T12:41:57","guid":{"rendered":"https:\/\/proinstitut.org\/?page_id=3654"},"modified":"2024-09-24T12:53:01","modified_gmt":"2024-09-24T12:53:01","slug":"leitbild","status":"publish","type":"page","link":"https:\/\/proinstitut.org\/?page_id=3654","title":{"rendered":"Leitbild"},"content":{"rendered":"\t\t<div data-elementor-type=\"wp-page\" data-elementor-id=\"3654\" class=\"elementor elementor-3654\" data-elementor-post-type=\"page\">\n\t\t\t\t<div class=\"elementor-element elementor-element-5b3ee0fa e-flex e-con-boxed e-con e-parent\" data-id=\"5b3ee0fa\" data-element_type=\"container\">\n\t\t\t\t\t<div class=\"e-con-inner\">\n\t\t\t\t<div class=\"elementor-element elementor-element-5c4b96e6 elementor-widget elementor-widget-text-editor\" data-id=\"5c4b96e6\" data-element_type=\"widget\" data-widget_type=\"text-editor.default\">\n\t\t\t\t<div class=\"elementor-widget-container\">\n\t\t\t<style>\/*! elementor - v3.22.0 - 26-06-2024 *\/\n.elementor-widget-text-editor.elementor-drop-cap-view-stacked .elementor-drop-cap{background-color:#69727d;color:#fff}.elementor-widget-text-editor.elementor-drop-cap-view-framed .elementor-drop-cap{color:#69727d;border:3px solid;background-color:transparent}.elementor-widget-text-editor:not(.elementor-drop-cap-view-default) .elementor-drop-cap{margin-top:8px}.elementor-widget-text-editor:not(.elementor-drop-cap-view-default) .elementor-drop-cap-letter{width:1em;height:1em}.elementor-widget-text-editor .elementor-drop-cap{float:left;text-align:center;line-height:1;font-size:50px}.elementor-widget-text-editor .elementor-drop-cap-letter{display:inline-block}<\/style>\t\t\t\t<p><!-- wp:paragraph --><\/p>\n<p><strong>Das Proficiency Institut steht f\u00fcr bedarfs- und kundenorientierte Bildungsma\u00dfnahmen und garantiert Qualit\u00e4t in der Bildung.&nbsp;<\/strong><\/p>\n<p><!-- \/wp:paragraph --><\/p>\n<p><!-- wp:paragraph --><\/p>\n<p>Um unabh\u00e4ngig von den ausf\u00fchrenden Personen gleichbleibend gute Dienstleistungen anbieten zu k\u00f6nnen, verpflichten wir uns zur Einhaltung der nachfolgenden Grunds\u00e4tze. Die interne und externe Kommunikation des Leitbildes erfolgt \u00fcber die Pr\u00e4sentation auf der Webseite.&nbsp;<\/p>\n<p><!-- \/wp:paragraph --><\/p>\n<p><!-- wp:paragraph --><\/p>\n<p><strong>Kundenorientierung<\/strong><\/p>\n<p><!-- \/wp:paragraph --><\/p>\n<p><!-- wp:paragraph --><\/p>\n<p>Als Kunden werden von uns alle interessierten Parteien verstanden, dazu geh\u00f6ren die Teilnehmer, der Bildungstr\u00e4ger, die Kostentr\u00e4ger, aber auch die Auftrag gebenden Unternehmen, die Gesellschaft im weitesten Sinne die ein Interesse an der Einhaltung der Gesetze, dem Schutz der Umwelt und der Schonung von Ressourcen hat. Die Wirtschaft mit ihren marktgerechten Qualifikationsanforderungen, die Bundesagentur f\u00fcr Arbeit mit ihrem Anspruch der Eingliederung von Absolventen, selbst Mitarbeiter und Lieferanten sind interessierte Parteien und in diesem weit gefassten Begriff des Kunden mit einzubeziehen.<\/p>\n<p><!-- \/wp:paragraph --><\/p>\n<p><!-- wp:paragraph --><\/p>\n<p>In diesem Zusammenhang wird, im Rahmen der vorhandenen Vorgehensweisen und Prozesse, gepr\u00fcft, ob die Forderungen und Erwartungen, die der Kunde an uns stellt, mit den vorhandenen Ressourcen (Equipment, Medien, Dozenten) erf\u00fcllt werden k\u00f6nnen. Dies versuchen wir durch eine stete Beobachtung der Prozesse im Rahmen von internen Audits und der \u00dcberwachung der t\u00e4glichen Erledigung von anfallenden Aufgaben aufrecht zu erhalten und zu f\u00f6rdern. Es existiert ein kontinuierlicher Verbesserungsprozess.<\/p>\n<p><!-- \/wp:paragraph --><\/p>\n<p><!-- wp:paragraph --><\/p>\n<p>Die Zielsetzung, die hieraus erw\u00e4chst, ist u. a. die nachhaltige Erh\u00f6hung der Kundenzufriedenheit.<\/p>\n<p><!-- \/wp:paragraph --><\/p>\n<p><!-- wp:paragraph --><\/p>\n<p><strong>Personal<\/strong><\/p>\n<p><!-- \/wp:paragraph --><\/p>\n<p><!-- wp:paragraph --><\/p>\n<p>Wir setzen qualifiziertes Personal ein, welches laufend fachlich fortgebildet wird.<\/p>\n<p><!-- \/wp:paragraph --><\/p>\n<p><!-- wp:paragraph --><\/p>\n<p><strong>Bildungsangebot<\/strong><\/p>\n<p><!-- \/wp:paragraph --><\/p>\n<p><!-- wp:paragraph --><\/p>\n<p>Potenzielle Teilnehmer erhalten von uns eindeutige Aussagen und Informationen zu allen relevanten Themen. Sie werden von uns pers\u00f6nlich gecoacht und beraten, um eine teilnehmerorientierte und sachgerechte Entwicklung zu erm\u00f6glichen. Die Zusammenarbeit innerhalb der Ma\u00dfnahme ist individuell und auf die Teilnehmer und die Methodenvielfalt ausgerichtet. Qualifizierte und individuelle Ma\u00dfnahmen sichern den Unterrichtserfolg.<\/p>\n<p><!-- \/wp:paragraph --><\/p>\n<p><!-- wp:paragraph --><\/p>\n<p><strong>Teilnehmer<\/strong><\/p>\n<p><!-- \/wp:paragraph --><\/p>\n<p><!-- wp:paragraph --><\/p>\n<p>Unsere Werbeaussagen sind wahrheitsgem\u00e4\u00df und seri\u00f6s. Bei unseren Ma\u00dfnahmen herrscht Transparenz in Bezug auf: Zielsetzung, Teilnahmevoraussetzungen, Teilnahmebedingungen, Dauer, Ort, Preis, Zahl der Unterrichtsstunden, eingesetzte Methoden, Gesch\u00e4ftsbedingungen. Bei der Entwicklung unserer Bildungsangebote nach dem Dritten Buch Sozialgesetzbuch (SGB III) ber\u00fccksichtigen wir die Lage und die Entwicklung des Arbeitsmarktes und passen dieses auf den aktuellen Ausbildungs- und Arbeitsmarkt an. Wir unterst\u00fctzen die Teilnehmer und Teilnehmerinnen bei der Eingliederung in den regul\u00e4ren Arbeitsmarkt.&nbsp;<\/p>\n<p><!-- \/wp:paragraph --><\/p>\n<p><!-- wp:paragraph --><\/p>\n<p>Rev. 01 | DK Leitbild | Stand 26.04.2023<\/p>\n<p><!-- \/wp:paragraph --><\/p>\t\t\t\t\t\t<\/div>\n\t\t\t\t<\/div>\n\t\t\t\t\t<\/div>\n\t\t\t\t<\/div>\n\t\t\t\t<\/div>\n\t\t","protected":false},"excerpt":{"rendered":"<p>Das Proficiency Institut steht f\u00fcr bedarfs- und kundenorientierte Bildungsma\u00dfnahmen und garantiert Qualit\u00e4t in der Bildung.&nbsp; Um unabh\u00e4ngig von den ausf\u00fchrenden Personen gleichbleibend gute Dienstleistungen anbieten zu k\u00f6nnen, verpflichten wir uns zur Einhaltung der nachfolgenden Grunds\u00e4tze. Die interne und externe Kommunikation des Leitbildes erfolgt \u00fcber die Pr\u00e4sentation auf der Webseite.&nbsp; Kundenorientierung Als Kunden werden von uns [&hellip;]<\/p>\n","protected":false},"author":1,"featured_media":0,"parent":0,"menu_order":0,"comment_status":"closed","ping_status":"closed","template":"","meta":{"om_disable_all_campaigns":false,"_monsterinsights_skip_tracking":false,"_monsterinsights_sitenote_active":false,"_monsterinsights_sitenote_note":"","_monsterinsights_sitenote_category":0,"_uf_show_specific_survey":0,"_uf_disable_surveys":false,"footnotes":""},"aioseo_notices":[],"_links":{"self":[{"href":"https:\/\/proinstitut.org\/index.php?rest_route=\/wp\/v2\/pages\/3654"}],"collection":[{"href":"https:\/\/proinstitut.org\/index.php?rest_route=\/wp\/v2\/pages"}],"about":[{"href":"https:\/\/proinstitut.org\/index.php?rest_route=\/wp\/v2\/types\/page"}],"author":[{"embeddable":true,"href":"https:\/\/proinstitut.org\/index.php?rest_route=\/wp\/v2\/users\/1"}],"replies":[{"embeddable":true,"href":"https:\/\/proinstitut.org\/index.php?rest_route=%2Fwp%2Fv2%2Fcomments&post=3654"}],"version-history":[{"count":7,"href":"https:\/\/proinstitut.org\/index.php?rest_route=\/wp\/v2\/pages\/3654\/revisions"}],"predecessor-version":[{"id":3691,"href":"https:\/\/proinstitut.org\/index.php?rest_route=\/wp\/v2\/pages\/3654\/revisions\/3691"}],"wp:attachment":[{"href":"https:\/\/proinstitut.org\/index.php?rest_route=%2Fwp%2Fv2%2Fmedia&parent=3654"}],"curies":[{"name":"wp","href":"https:\/\/api.w.org\/{rel}","templated":true}]}}